{"id":216,"date":"2023-07-04T22:04:13","date_gmt":"2023-07-04T20:04:13","guid":{"rendered":"https:\/\/farskallarna.se\/farskallarna\/?page_id=216"},"modified":"2025-04-21T22:34:39","modified_gmt":"2025-04-21T20:34:39","slug":"stod-farskallarna","status":"publish","type":"page","link":"https:\/\/farskallarna.se\/farskallarna\/stod-farskallarna\/","title":{"rendered":"Bli medlem \/ Ge bidrag"},"content":{"rendered":"\n<p>St\u00f6tta f\u00e5rskallarnas verksamhet genom att ge ett bidrag, bli st\u00f6dmedlem eller andels\u00e4gare! L\u00e4s med om de olika st\u00f6dformerna nedan. F\u00f6r att leva vidare \u00e4r vi i beroende av b\u00e5de en fungerande ekonomi och aktiva medlemmar.<\/p>\n\n\n\n<h2 class=\"wp-block-heading\">Ge bidrag \/ Sponsra <\/h2>\n\n\n\n<p>Som privatperson och f\u00f6retag g\u00e5r det bra att st\u00f6tta F\u00e5rskallarnas verksamhet, antingen genom att s\u00e4tta in valfritt belopp p\u00e5 JAK-banken: 9670-2123312, swisha till 070 567 98 10 (m\u00e4rk &#8221;Till F\u00e5rskallarna&#8221;) eller bli st\u00f6dmedlem (se nedan). Vill du som f\u00f6retag sponsra oss, skicka ett mail eller ring n\u00e5gon i styrelsen, se <a href=\"https:\/\/farskallarna.se\/farskallarna\/kontakt\/\">kontakt. <\/a><\/p>\n\n\n\n<h2 class=\"wp-block-heading\">Bli st\u00f6dmedlem<\/h2>\n\n\n\n<p>Att bli st\u00f6dmedlem som privatperson kostar 300 kr\/\u00e5r.  F\u00f6rdelar med att bli st\u00f6dmedlem: <\/p>\n\n\n\n<ul>\n<li>Du \u00e4r med och fr\u00e4mjar bygdens intresse av gemenskap, tillit, integration, \u00f6ppna landskap, social- och ekologisk h\u00e5llbarhet.<\/li>\n\n\n\n<li>Du \u00e4r delaktig i omst\u00e4llningen till en levande landsbygd.&nbsp;<\/li>\n\n\n\n<li>Du f\u00e5r information om f\u00e5r mer \u00e4n g\u00e4rna vara med och ta hand om f\u00e5ren och delta i f\u00f6reningens aktiviteter. <\/li>\n<\/ul>\n\n\n\n<h2 class=\"wp-block-heading\">Bli andels\u00e4gare\/aktiv medlem<\/h2>\n\n\n\n<p>Att bli andels\u00e4gare kostar 2 000 kr i eng\u00e5ngssumma. D\u00e4refter medlemsavgift 300 kr\/\u00e5r. <br>Det kr\u00e4vs inga f\u00f6rkunskaper, vi l\u00e4r tillsammans. <a href=\"http:\/\/farskallarna.se\/farskallarna\/kontakt\/\">Kontakta <\/a>n\u00e5gon i styrelsen f\u00f6r att g\u00e5 med. <br>F\u00f6rdelar med att bli andels\u00e4gare:  <\/p>\n\n\n\n<ul>\n<li>Du kan k\u00f6pa ull och k\u00f6tt till ett pris som vi gemensamt beslutar<\/li>\n\n\n\n<li>Du har r\u00f6str\u00e4tt p\u00e5 f\u00f6reningsst\u00e4mman och kan delta i styrelsen<\/li>\n\n\n\n<li>Du \u00e4r med och fr\u00e4mjar bygdens intresse av gemenskap, tillit, integration, \u00f6ppna landskap, social- och ekologisk h\u00e5llbarhet<\/li>\n\n\n\n<li>Du \u00e4r delaktig i omst\u00e4llningen till en levande landsbygd&nbsp;<\/li>\n\n\n\n<li>Du har m\u00f6jlighet att vara en del i arbetsgemenskapen och st\u00e4rka kontaktn\u00e4tet<\/li>\n\n\n\n<li>Du l\u00e4r dig om f\u00e5rh\u00e5llning och om en h\u00e5llbar livsmedelkedja (du beh\u00f6ver inga f\u00f6rkunskaper!).<\/li>\n<\/ul>\n\n\n\n<p>Som andels\u00e4gare \u00e4r man aktivt med och tar hand om f\u00e5ren genom att hj\u00e4lpa till med den dagliga tillsynen (vi delar upp veckor mellan oss), deltar i trevliga gemensamma arbetshelger med mera. L\u00e4s mer om f\u00f6reningens stadgar <a href=\"https:\/\/farskallarna.se\/farskallarna\/stadgar\/\" data-type=\"URL\" data-id=\"https:\/\/farskallarna.se\/farskallarna\/stadgar\/\">h\u00e4r<\/a>.<\/p>\n\n\n\n<hr class=\"wp-block-separator has-alpha-channel-opacity\"\/>\n\n\n\n<div class=\"wp-block-group is-layout-constrained\"><div class=\"wp-block-group__inner-container\">\n<h2 class=\"wp-block-heading\">Inbetalning<\/h2>\n\n\n\n<p>Betala in till JAK-banken: 9670-2123312<br>Det g\u00e5r ocks\u00e5 bra att swisha till 070 567 98 10  (se QR-kod nedan)<br><br>I b\u00e5da fall anger man vid ins\u00e4ttningen sitt namn och mailar sin postadress, telefonnummer och e-post till&nbsp;<a rel=\"noreferrer noopener\" href=\"mailto:info@farskallarna.se\" target=\"_blank\">info@farskallarna.se<\/a>. Vill du bli andels\u00e4gare kontaktar du f\u00f6rst styrelsen. <\/p>\n\n\n\n<hr class=\"wp-block-separator has-alpha-channel-opacity\"\/>\n<\/div><\/div>\n\n\n\n<figure class=\"wp-block-image size-full is-resized\"><img decoding=\"async\" loading=\"lazy\" src=\"https:\/\/farskallarna.se\/farskallarna\/wp-content\/uploads\/2024\/08\/IMG_0697.jpeg\" alt=\"\" class=\"wp-image-543\" width=\"559\" height=\"630\" srcset=\"https:\/\/farskallarna.se\/farskallarna\/wp-content\/uploads\/2024\/08\/IMG_0697.jpeg 394w, https:\/\/farskallarna.se\/farskallarna\/wp-content\/uploads\/2024\/08\/IMG_0697-266x300.jpeg 266w\" sizes=\"(max-width: 559px) 100vw, 559px\" \/><\/figure>\n\n\n\n<figure class=\"wp-block-video\"><video controls src=\"https:\/\/farskallarna.se\/farskallarna\/wp-content\/uploads\/2023\/07\/6D983C60-4425-4E85-A1B9-5FFFDAF57EC0.mov\"><\/video><\/figure>\n","protected":false},"excerpt":{"rendered":"<p>St\u00f6tta f\u00e5rskallarnas verksamhet genom att ge ett bidrag, bli st\u00f6dmedlem eller andels\u00e4gare! L\u00e4s med om de olika st\u00f6dformerna nedan. F\u00f6r att leva vidare \u00e4r vi i beroende av b\u00e5de en &hellip; <\/p>\n<p class=\"link-more\"><a href=\"https:\/\/farskallarna.se\/farskallarna\/stod-farskallarna\/\" class=\"more-link\">Forts\u00e4tt l\u00e4sa<span class=\"screen-reader-text\"> \u201dBli medlem \/ Ge bidrag\u201d<\/span><\/a><\/p>\n","protected":false},"author":6,"featured_media":0,"parent":0,"menu_order":0,"comment_status":"closed","ping_status":"closed","template":"","meta":[],"_links":{"self":[{"href":"https:\/\/farskallarna.se\/farskallarna\/wp-json\/wp\/v2\/pages\/216"}],"collection":[{"href":"https:\/\/farskallarna.se\/farskallarna\/wp-json\/wp\/v2\/pages"}],"about":[{"href":"https:\/\/farskallarna.se\/farskallarna\/wp-json\/wp\/v2\/types\/page"}],"author":[{"embeddable":true,"href":"https:\/\/farskallarna.se\/farskallarna\/wp-json\/wp\/v2\/users\/6"}],"replies":[{"embeddable":true,"href":"https:\/\/farskallarna.se\/farskallarna\/wp-json\/wp\/v2\/comments?post=216"}],"version-history":[{"count":43,"href":"https:\/\/farskallarna.se\/farskallarna\/wp-json\/wp\/v2\/pages\/216\/revisions"}],"predecessor-version":[{"id":600,"href":"https:\/\/farskallarna.se\/farskallarna\/wp-json\/wp\/v2\/pages\/216\/revisions\/600"}],"wp:attachment":[{"href":"https:\/\/farskallarna.se\/farskallarna\/wp-json\/wp\/v2\/media?parent=216"}],"curies":[{"name":"wp","href":"https:\/\/api.w.org\/{rel}","templated":true}]}}