{"id":8,"date":"2020-05-19T05:55:17","date_gmt":"2020-05-19T03:55:17","guid":{"rendered":"http:\/\/farskallarna.se\/farskallarna\/?page_id=8"},"modified":"2024-04-30T07:09:13","modified_gmt":"2024-04-30T05:09:13","slug":"kontakt","status":"publish","type":"page","link":"https:\/\/farskallarna.se\/farskallarna\/kontakt\/","title":{"rendered":"Kontakt"},"content":{"rendered":"\n<p>V\u00e4lkommen att kontakta oss p\u00e5 F\u00e5rskallarna!<br><br><strong>Mail: <\/strong>info@farskallarna.se <br><br><strong>Telefon: <\/strong>Ring n\u00e5gon av medlemmarna<br>Peter Oijens 0738 39 69 10<br>Margareta &amp; Gunnar Olsson 070-204 14 71<br>Eva &amp; Lars Nordlund 070-567 89 10<\/p>\n\n\n\n<p><a href=\"https:\/\/www.facebook.com\/farskallarnajadraas\">F\u00f6lj oss p\u00e5 Facebook!<\/a><\/p>\n\n\n\n<p><a href=\"https:\/\/farskallarna.se\/farskallarna\/stod-farskallarna\/\">Sponsra F\u00e5rskallarna<\/a><\/p>\n\n\n\n<p><a href=\"https:\/\/farskallarna.se\/farskallarna\/stod-farskallarna\/\">Bli medlem<\/a><\/p>\n\n\n\n<figure class=\"wp-block-image size-large\"><img decoding=\"async\" loading=\"lazy\" width=\"768\" height=\"1024\" src=\"http:\/\/farskallarna.se\/farskallarna\/wp-content\/uploads\/2023\/07\/IMG_7563-768x1024.jpeg\" alt=\"\" class=\"wp-image-373\" srcset=\"https:\/\/farskallarna.se\/farskallarna\/wp-content\/uploads\/2023\/07\/IMG_7563-768x1024.jpeg 768w, https:\/\/farskallarna.se\/farskallarna\/wp-content\/uploads\/2023\/07\/IMG_7563-225x300.jpeg 225w, https:\/\/farskallarna.se\/farskallarna\/wp-content\/uploads\/2023\/07\/IMG_7563-1152x1536.jpeg 1152w, https:\/\/farskallarna.se\/farskallarna\/wp-content\/uploads\/2023\/07\/IMG_7563-1536x2048.jpeg 1536w, https:\/\/farskallarna.se\/farskallarna\/wp-content\/uploads\/2023\/07\/IMG_7563-scaled.jpeg 1920w\" sizes=\"(max-width: 767px) 89vw, (max-width: 1000px) 54vw, (max-width: 1071px) 543px, 580px\" \/><\/figure>\n","protected":false},"excerpt":{"rendered":"<p>V\u00e4lkommen att kontakta oss p\u00e5 F\u00e5rskallarna! Mail: info@farskallarna.se Telefon: Ring n\u00e5gon av medlemmarnaPeter Oijens 0738 39 69 10Margareta &amp; Gunnar Olsson 070-204 14 71Eva &amp; Lars Nordlund 070-567 89 10 &hellip; <\/p>\n<p class=\"link-more\"><a href=\"https:\/\/farskallarna.se\/farskallarna\/kontakt\/\" class=\"more-link\">Forts\u00e4tt l\u00e4sa<span class=\"screen-reader-text\"> \u201dKontakt\u201d<\/span><\/a><\/p>\n","protected":false},"author":1,"featured_media":0,"parent":0,"menu_order":0,"comment_status":"closed","ping_status":"closed","template":"","meta":[],"_links":{"self":[{"href":"https:\/\/farskallarna.se\/farskallarna\/wp-json\/wp\/v2\/pages\/8"}],"collection":[{"href":"https:\/\/farskallarna.se\/farskallarna\/wp-json\/wp\/v2\/pages"}],"about":[{"href":"https:\/\/farskallarna.se\/farskallarna\/wp-json\/wp\/v2\/types\/page"}],"author":[{"embeddable":true,"href":"https:\/\/farskallarna.se\/farskallarna\/wp-json\/wp\/v2\/users\/1"}],"replies":[{"embeddable":true,"href":"https:\/\/farskallarna.se\/farskallarna\/wp-json\/wp\/v2\/comments?post=8"}],"version-history":[{"count":21,"href":"https:\/\/farskallarna.se\/farskallarna\/wp-json\/wp\/v2\/pages\/8\/revisions"}],"predecessor-version":[{"id":475,"href":"https:\/\/farskallarna.se\/farskallarna\/wp-json\/wp\/v2\/pages\/8\/revisions\/475"}],"wp:attachment":[{"href":"https:\/\/farskallarna.se\/farskallarna\/wp-json\/wp\/v2\/media?parent=8"}],"curies":[{"name":"wp","href":"https:\/\/api.w.org\/{rel}","templated":true}]}}